{"id":52,"date":"2025-04-10T08:49:38","date_gmt":"2025-04-10T06:49:38","guid":{"rendered":"https:\/\/matthieumarce.fr\/clients\/nexus\/?page_id=43"},"modified":"2025-11-25T16:15:17","modified_gmt":"2025-11-25T15:15:17","slug":"accueil","status":"publish","type":"page","link":"https:\/\/tfe.femis.fr\/2025\/","title":{"rendered":"Accueil connect\u00e9"},"content":{"rendered":"\t\t<div data-elementor-type=\"wp-post\" data-elementor-id=\"52\" class=\"elementor elementor-52\">\n\t\t\t\t<div class=\"elementor-element elementor-element-6c192ea e-flex e-con-boxed e-con e-parent\" data-id=\"6c192ea\" data-element_type=\"container\" data-settings=\"{&quot;background_background&quot;:&quot;classic&quot;}\">\n\t\t\t\t\t<div class=\"e-con-inner\">\n\t\t\t\t<div class=\"elementor-element elementor-element-f068ea1 elementor-widget elementor-widget-text-editor\" data-id=\"f068ea1\" data-element_type=\"widget\" data-widget_type=\"text-editor.default\">\n\t\t\t\t\t\t\t\t\t<h1><span class=\"TextRun MacChromeBold SCXW53001329 BCX0\" lang=\"FR-FR\" xml:lang=\"FR-FR\" data-contrast=\"none\"><span class=\"NormalTextRun SCXW53001329 BCX0\">Bienvenue sur le site d\u00e9di\u00e9 aux\u00a0<\/span><\/span><span class=\"LineBreakBlob BlobObject DragDrop SCXW53001329 BCX0\"><span class=\"SCXW53001329 BCX0\">\u00a0<\/span><br class=\"SCXW53001329 BCX0\" \/><\/span><span class=\"TextRun MacChromeBold SCXW53001329 BCX0\" lang=\"FR-FR\" xml:lang=\"FR-FR\" data-contrast=\"none\"><span class=\"NormalTextRun SCXW53001329 BCX0\">Travaux de Fin d\u2019Etudes (TFE)\u00a0<\/span><span class=\"NormalTextRun SCXW53001329 BCX0\">des promotions 2025 de\u00a0<\/span><span class=\"NormalTextRun SCXW53001329 BCX0\">L<\/span><span class=\"NormalTextRun SCXW53001329 BCX0\">a\u00a0<\/span><span class=\"NormalTextRun SpellingErrorV2Themed SCXW53001329 BCX0\">F\u00e9mis<\/span><\/span><span class=\"TextRun SCXW53001329 BCX0\" lang=\"FR-FR\" xml:lang=\"FR-FR\" data-contrast=\"auto\"><span class=\"NormalTextRun SCXW53001329 BCX0\">\u00a0<\/span><\/span><span class=\"EOP SCXW53001329 BCX0\" data-ccp-props=\"{&quot;134233117&quot;:false,&quot;134233118&quot;:false,&quot;335559685&quot;:0,&quot;335559738&quot;:240,&quot;335559739&quot;:240}\">\u00a0<\/span><\/h1>\t\t\t\t\t\t\t\t<\/div>\n\t\t\t\t<div class=\"elementor-element elementor-element-4c53ef1 elementor-widget elementor-widget-text-editor\" data-id=\"4c53ef1\" data-element_type=\"widget\" data-widget_type=\"text-editor.default\">\n\t\t\t\t\t\t\t\t\t<p><span data-contrast=\"auto\">Ce site est d\u00e9sormais\u00a0ouvert \u00e0\u00a0tous les publics,\u00a0mais certains contenus sont\u00a0r\u00e9serv\u00e9s uniquement aux\u00a0<\/span><b><span data-contrast=\"auto\">professionnels\u00a0<\/span><\/b><span data-contrast=\"auto\">qui peuvent\u00a0<\/span><span class=\"panel-access-link\" style=\"text-decoration: underline;\" data-contrast=\"auto\">nous contacter\u00a0ici<\/span><span data-contrast=\"auto\">.<\/span><span data-ccp-props=\"{&quot;134233117&quot;:false,&quot;134233118&quot;:false,&quot;335559685&quot;:0,&quot;335559738&quot;:240,&quot;335559739&quot;:240}\">\u00a0<\/span><\/p>\t\t\t\t\t\t\t\t<\/div>\n\t\t\t\t<div class=\"elementor-element elementor-element-b6ff9c3 elementor-widget elementor-widget-text-editor\" data-id=\"b6ff9c3\" data-element_type=\"widget\" data-widget_type=\"text-editor.default\">\n\t\t\t\t\t\t\t\t\t<h1>\u00c9dito<\/h1>\t\t\t\t\t\t\t\t<\/div>\n\t\t\t\t<div class=\"elementor-element elementor-element-90b6b15 elementor-widget elementor-widget-text-editor\" data-id=\"90b6b15\" data-element_type=\"widget\" data-widget_type=\"text-editor.default\">\n\t\t\t\t\t\t\t\t\t<p>C\u2019est avec une \u00e9motion toute particuli\u00e8re que nous vous invitons \u00e0 d\u00e9couvrir les Travaux de Fin d\u2019\u00c9tudes des dipl\u00f4m\u00e9s de La F\u00e9mis de 2025. Apr\u00e8s trois mandats, 9 promotions et plus de 500 jeunes form\u00e9s sur la p\u00e9riode aux m\u00e9tiers du cin\u00e9ma, le moment est venu pour moi de passer le relais \u00e0 Guillaume Duchemin, nouveau Directeur g\u00e9n\u00e9ral de l\u2019\u00c9cole.<\/p><p>Ces projections sont donc \u00e0 la fois pour moi un aboutissement et un nouveau d\u00e9part : aboutissement d\u2019une p\u00e9riode particuli\u00e8rement dense o\u00f9 la F\u00e9mis a cherch\u00e9 \u00e0 se remettre en question dans un monde en mutation, et commencement d\u2019une nouvelle \u00e9tape pour La F\u00e9mis, qui s\u2019ouvre sous une direction renouvel\u00e9e.<\/p>\t\t\t\t\t\t\t\t<\/div>\n\t\t\t\t<div class=\"elementor-element elementor-element-b582f8b elementor-widget elementor-widget-html\" data-id=\"b582f8b\" data-element_type=\"widget\" data-widget_type=\"html.default\">\n\t\t\t\t\t<div class=\"femis-toggle\">Lire la suite<\/div>\n<div class=\"femis-toggled\">\n<br \/>\nSurtout, ces s\u00e9ances sont le point d\u2019orgue du parcours de nos \u00e9tudiants. Tout au long de leur scolarit\u00e9, cette promotion David Lynch a su nous impressionner par sa coh\u00e9sion, son app\u00e9tit pour l\u2019exp\u00e9rimentation, son engagement \u00e0 l\u2019\u00e9gard des r\u00e9alit\u00e9s sociales, territoriales et humaines qui ont nourri leurs cr\u00e9ations, et d\u00e9j\u00e0 par les interrogations qu\u2019elle adresse au milieu professionnel qu\u2019elle s\u2019appr\u00eate \u00e0 rejoindre.<br \/>\n    <br \/>\n    Les Travaux de Fin d\u2019\u00c9tudes que vous allez d\u00e9couvrir refl\u00e8tent la diversit\u00e9 et la singularit\u00e9 des regards : ceux des 39 dipl\u00f4m\u00e9s du cursus principal, des 8 du cursus Distribution-Exploitation, des 6 du cursus \u00c9criture et Cr\u00e9ation de S\u00e9ries, des 4 du cursus Scripte et des 4 du cursus La R\u00e9sidence. Chacun de ces parcours t\u00e9moigne d\u2019une exigence, d\u2019un sens du collectif et d\u2019une prise de risque qui font la vitalit\u00e9 de La F\u00e9mis.<br \/>\n    <br \/>\nCes films, projets et m\u00e9moires sont autant de promesses pour l\u2019avenir du cin\u00e9ma. Ils incarnent la volont\u00e9 de renouveler les formes, d\u2019ouvrir des voies nouvelles, de questionner les certitudes de la profession. Vous en \u00eates parmi les tout premiers spectateurs, et vos regards, vos retours, leur sont essentiels.<br \/>\n<br \/>\nJe tiens enfin \u00e0 remercier chaleureusement l\u2019ensemble des intervenants et personnels de l\u2019\u00c9cole pour leur accompagnement attentif et bienveillant, ainsi que la Cin\u00e9math\u00e8que fran\u00e7aise pour son accueil g\u00e9n\u00e9reux, qui donne \u00e0 ces propositions filmiques un \u00e9crin \u00e0 la hauteur de leur ambition.<br \/>\n<br \/>\n\u00c0 vous, chers dipl\u00f4m\u00e9s, je souhaite une belle entr\u00e9e vers le monde professionnel, de nombreux succ\u00e8s \u00e0 venir, et la fid\u00e9lit\u00e9 \u00e0 cet esprit de curiosit\u00e9 et d\u2019audace qui vous porte d\u00e9j\u00e0.\n<\/div>\t\t\t\t<\/div>\n\t\t\t\t<div class=\"elementor-element elementor-element-35cc763 elementor-widget elementor-widget-text-editor\" data-id=\"35cc763\" data-element_type=\"widget\" data-widget_type=\"text-editor.default\">\n\t\t\t\t\t\t\t\t\t<p><b><span data-contrast=\"auto\">Nathalie Coste Cerdan<\/span><\/b><span data-ccp-props=\"{&quot;201341983&quot;:0,&quot;335551550&quot;:3,&quot;335551620&quot;:3,&quot;335559740&quot;:240}\">\u00a0<br \/><\/span><span data-contrast=\"auto\">Directrice g\u00e9n\u00e9rale<\/span><span data-ccp-props=\"{&quot;201341983&quot;:0,&quot;335551550&quot;:3,&quot;335551620&quot;:3,&quot;335559740&quot;:240}\">\u00a0<\/span><\/p><p><b><span data-contrast=\"auto\">Michel Hazanavicius<\/span><\/b><span data-ccp-props=\"{&quot;201341983&quot;:0,&quot;335551550&quot;:3,&quot;335551620&quot;:3,&quot;335559740&quot;:240}\">\u00a0<br \/><\/span><span data-contrast=\"auto\">Pr\u00e9sident du Conseil d\u2019Administration<\/span><span data-ccp-props=\"{&quot;201341983&quot;:0,&quot;335551550&quot;:3,&quot;335551620&quot;:3,&quot;335559740&quot;:240}\">\u00a0<\/span><\/p>\t\t\t\t\t\t\t\t<\/div>\n\t\t\t\t\t<\/div>\n\t\t\t\t<\/div>\n\t\t<div class=\"elementor-element elementor-element-cf0730f e-flex e-con-boxed e-con e-parent\" data-id=\"cf0730f\" data-element_type=\"container\">\n\t\t\t\t\t<div class=\"e-con-inner\">\n\t\t\t\t<div class=\"elementor-element elementor-element-8666b44 elementor-widget elementor-widget-text-editor\" data-id=\"8666b44\" data-element_type=\"widget\" data-widget_type=\"text-editor.default\">\n\t\t\t\t\t\t\t\t\t<h1>Les Travaux de Fin d&rsquo;<span class=\"TextRun SCXW74722180 BCX0\" lang=\"FR\" xml:lang=\"FR\" data-contrast=\"none\"><span class=\"NormalTextRun SCXW74722180 BCX0\">\u00c9<\/span><\/span>tudes<\/h1>\t\t\t\t\t\t\t\t<\/div>\n\t\t\t\t<div class=\"elementor-element elementor-element-bd2ab78 elementor-widget elementor-widget-text-editor\" data-id=\"bd2ab78\" data-element_type=\"widget\" data-widget_type=\"text-editor.default\">\n\t\t\t\t\t\t\t\t\t<p>Au cours de leurs \u00e9tudes, les \u00e9tudiants \u00e9crivent, r\u00e9alisent, produisent et participent \u00a0\u00e0 de nombreux films. Leur travail de fin d\u2019\u00e9tudes \u2013 TFE dans le jargon de l\u2019\u00c9cole \u2013 constitue l\u2019aboutissement de ce chemin parcouru.<\/p><p>Il s\u2019agit d\u2019un travail de recherche personnel, effectu\u00e9 dans une grande libert\u00e9 de conception et qui occupe une place centrale dans la d\u00e9livrance du dipl\u00f4me.<\/p><p><b>D\u00e9couvrez la Bande annonce de la Promotion 2025 :<\/b><\/p>\t\t\t\t\t\t\t\t<\/div>\n\t\t\t\t<div class=\"elementor-element elementor-element-1b2b123 elementor-widget elementor-widget-video\" data-id=\"1b2b123\" data-element_type=\"widget\" data-settings=\"{&quot;video_type&quot;:&quot;vimeo&quot;}\" data-widget_type=\"video.default\">\n\t\t\t\t\t\t\t<div class=\"elementor-wrapper elementor-open-inline\">\n\t\t\t<iframe class=\"elementor-video-iframe\" allowfullscreen allow=\"clipboard-write\" title=\"Lecteur vid\u00e9o vimeo\" src=\"https:\/\/player.vimeo.com\/video\/1117094326?color&amp;autopause=0&amp;loop=0&amp;muted=0&amp;title=1&amp;portrait=1&amp;byline=1#t=\"><\/iframe>\t\t<\/div>\n\t\t\t\t\t\t<\/div>\n\t\t\t\t<div class=\"elementor-element elementor-element-4d9c3b2 underline elementor-widget elementor-widget-text-editor\" data-id=\"4d9c3b2\" data-element_type=\"widget\" data-widget_type=\"text-editor.default\">\n\t\t\t\t\t\t\t\t\t<p><b><span data-contrast=\"auto\">Selon le d\u00e9partement concern\u00e9, le TFE prend diff\u00e9rentes formes :<\/span><\/b><span data-ccp-props=\"{&quot;201341983&quot;:0,&quot;335559740&quot;:240}\">&nbsp;<\/span><\/p>\n<ul>\n<li aria-setsize=\"-1\" data-leveltext=\"\u25cf\" data-font=\"\" data-listid=\"7\" data-list-defn-props=\"{&quot;335552541&quot;:1,&quot;335559685&quot;:720,&quot;335559991&quot;:360,&quot;469769242&quot;:[8226],&quot;469777803&quot;:&quot;left&quot;,&quot;469777804&quot;:&quot;\u25cf&quot;,&quot;469777815&quot;:&quot;multilevel&quot;}\" data-aria-posinset=\"1\" data-aria-level=\"1\"><a href=\"\/2025\/cursus\/scenario\/\"><b><span data-contrast=\"none\">Sc\u00e9nario<\/span><\/b><\/a> <span data-contrast=\"auto\">: \u00e9criture d\u2019un sc\u00e9nario de long m\u00e9trage de fiction accompagn\u00e9 d\u2019une note de suivi d\u2019\u00e9criture.<\/span><span data-ccp-props=\"{&quot;201341983&quot;:0,&quot;335559740&quot;:240}\">&nbsp;<\/span><\/li>\n<\/ul>\n<ul>\n<li aria-setsize=\"-1\" data-leveltext=\"\u25cf\" data-font=\"\" data-listid=\"7\" data-list-defn-props=\"{&quot;335552541&quot;:1,&quot;335559685&quot;:720,&quot;335559991&quot;:360,&quot;469769242&quot;:[8226],&quot;469777803&quot;:&quot;left&quot;,&quot;469777804&quot;:&quot;\u25cf&quot;,&quot;469777815&quot;:&quot;multilevel&quot;}\" data-aria-posinset=\"2\" data-aria-level=\"1\"><a href=\"\/2025\/cursus\/realisation\/\"><b><span data-contrast=\"none\">R\u00e9alisation <\/span><\/b><\/a><span data-contrast=\"auto\">: r\u00e9alisation d\u2019un court m\u00e9trage (fiction ou documentaire) et \u00e9criture d\u2019un sc\u00e9nario de long m\u00e9trage.<\/span><span data-ccp-props=\"{&quot;201341983&quot;:0,&quot;335559740&quot;:240}\">&nbsp;<\/span><\/li>\n<\/ul>\n<ul>\n<li aria-setsize=\"-1\" data-leveltext=\"\u25cf\" data-font=\"\" data-listid=\"7\" data-list-defn-props=\"{&quot;335552541&quot;:1,&quot;335559685&quot;:720,&quot;335559991&quot;:360,&quot;469769242&quot;:[8226],&quot;469777803&quot;:&quot;left&quot;,&quot;469777804&quot;:&quot;\u25cf&quot;,&quot;469777815&quot;:&quot;multilevel&quot;}\" data-aria-posinset=\"3\" data-aria-level=\"1\"><a href=\"\/2025\/cursus\/production\/\"><b><span data-contrast=\"none\">Production <\/span><\/b><\/a><span data-contrast=\"auto\">: r\u00e9daction d\u2019un m\u00e9moire et production d\u2019une oeuvre audiovisuelle.<\/span><span data-ccp-props=\"{&quot;201341983&quot;:0,&quot;335559740&quot;:240}\">&nbsp;<\/span><\/li>\n<\/ul>\n<ul>\n<li aria-setsize=\"-1\" data-leveltext=\"\u25cf\" data-font=\"\" data-listid=\"7\" data-list-defn-props=\"{&quot;335552541&quot;:1,&quot;335559685&quot;:720,&quot;335559991&quot;:360,&quot;469769242&quot;:[8226],&quot;469777803&quot;:&quot;left&quot;,&quot;469777804&quot;:&quot;\u25cf&quot;,&quot;469777815&quot;:&quot;multilevel&quot;}\" data-aria-posinset=\"4\" data-aria-level=\"1\"><a href=\"\/2025\/cursus\/image\/\"><b><span data-contrast=\"none\">Image <\/span><\/b><\/a><span data-contrast=\"auto\">: exploration th\u00e9orique et pratique d\u2019un point technique de la prise de vues \u00e0 travers un m\u00e9moire et un film.<\/span><span data-ccp-props=\"{&quot;201341983&quot;:0,&quot;335559740&quot;:240}\">&nbsp;<\/span><\/li>\n<\/ul>\n<ul>\n<li aria-setsize=\"-1\" data-leveltext=\"\u25cf\" data-font=\"\" data-listid=\"7\" data-list-defn-props=\"{&quot;335552541&quot;:1,&quot;335559685&quot;:720,&quot;335559991&quot;:360,&quot;469769242&quot;:[8226],&quot;469777803&quot;:&quot;left&quot;,&quot;469777804&quot;:&quot;\u25cf&quot;,&quot;469777815&quot;:&quot;multilevel&quot;}\" data-aria-posinset=\"5\" data-aria-level=\"1\"><a href=\"\/2025\/cursus\/son\/\"><b><span data-contrast=\"none\">Son <\/span><\/b><\/a><span data-contrast=\"auto\">: exploration th\u00e9orique et pratique d\u2019un point technique du son de cin\u00e9ma \u00e0 travers un m\u00e9moire et un film ou un document sonore.&nbsp;<\/span><span data-ccp-props=\"{&quot;201341983&quot;:0,&quot;335559740&quot;:240}\">&nbsp;<\/span><\/li>\n<\/ul>\n<ul>\n<li aria-setsize=\"-1\" data-leveltext=\"\u25cf\" data-font=\"\" data-listid=\"7\" data-list-defn-props=\"{&quot;335552541&quot;:1,&quot;335559685&quot;:720,&quot;335559991&quot;:360,&quot;469769242&quot;:[8226],&quot;469777803&quot;:&quot;left&quot;,&quot;469777804&quot;:&quot;\u25cf&quot;,&quot;469777815&quot;:&quot;multilevel&quot;}\" data-aria-posinset=\"6\" data-aria-level=\"1\"><a href=\"\/2025\/cursus\/montage\/\"><b><span data-contrast=\"none\">Montage <\/span><\/b><\/a><span data-contrast=\"auto\">: r\u00e9alisation d\u2019un film \u00e0 partir d\u2019images pr\u00e9existantes et r\u00e9daction d\u2019un carnet de bord.<\/span><span data-ccp-props=\"{&quot;201341983&quot;:0,&quot;335559740&quot;:240}\">&nbsp;<\/span><\/li>\n<\/ul>\n<ul>\n<li aria-setsize=\"-1\" data-leveltext=\"\u25cf\" data-font=\"\" data-listid=\"7\" data-list-defn-props=\"{&quot;335552541&quot;:1,&quot;335559685&quot;:720,&quot;335559991&quot;:360,&quot;469769242&quot;:[8226],&quot;469777803&quot;:&quot;left&quot;,&quot;469777804&quot;:&quot;\u25cf&quot;,&quot;469777815&quot;:&quot;multilevel&quot;}\" data-aria-posinset=\"7\" data-aria-level=\"1\"><a href=\"\/2025\/cursus\/decor\/\"><b><span data-contrast=\"none\">D\u00e9cor <\/span><\/b><\/a><span data-contrast=\"auto\">: construction d\u2019un d\u00e9cor original ou recherche audiovisuelle et r\u00e9daction d\u2019un m\u00e9moire.<\/span><span data-ccp-props=\"{&quot;201341983&quot;:0,&quot;335559740&quot;:240}\">&nbsp;<\/span><\/li>\n<\/ul>\n<ul>\n<li aria-setsize=\"-1\" data-leveltext=\"\u25cf\" data-font=\"\" data-listid=\"7\" data-list-defn-props=\"{&quot;335552541&quot;:1,&quot;335559685&quot;:720,&quot;335559991&quot;:360,&quot;469769242&quot;:[8226],&quot;469777803&quot;:&quot;left&quot;,&quot;469777804&quot;:&quot;\u25cf&quot;,&quot;469777815&quot;:&quot;multilevel&quot;}\" data-aria-posinset=\"8\" data-aria-level=\"1\"><a href=\"\/2025\/cursus\/la-residence\/\"><b><span data-contrast=\"none\">La R\u00e9sidence<\/span><\/b><\/a><span data-contrast=\"auto\"> : r\u00e9alisation d\u2019un court m\u00e9trage (fiction ou documentaire) et \u00e9criture d\u2019un sc\u00e9nario de court m\u00e9trage.<\/span><span data-ccp-props=\"{&quot;201341983&quot;:0,&quot;335559740&quot;:240}\">&nbsp;<\/span><\/li>\n<\/ul>\n<ul>\n<li aria-setsize=\"-1\" data-leveltext=\"\u25cf\" data-font=\"\" data-listid=\"7\" data-list-defn-props=\"{&quot;335552541&quot;:1,&quot;335559685&quot;:720,&quot;335559991&quot;:360,&quot;469769242&quot;:[8226],&quot;469777803&quot;:&quot;left&quot;,&quot;469777804&quot;:&quot;\u25cf&quot;,&quot;469777815&quot;:&quot;multilevel&quot;}\" data-aria-posinset=\"9\" data-aria-level=\"1\"><a href=\"\/2025\/cursus\/scripte\/\"><b><span data-contrast=\"none\">Scripte <\/span><\/b><\/a><span data-contrast=\"none\">: R\u00e9daction d\u2019un m\u00e9moire sur le cin\u00e9ma en lien avec le m\u00e9tier de scripte ou travail de pr\u00e9paration artistique et technique sur un sc\u00e9nario non tourn\u00e9.&nbsp;&nbsp;<\/span><span data-ccp-props=\"{&quot;201341983&quot;:0,&quot;335559740&quot;:240}\">&nbsp;<\/span><\/li>\n<\/ul>\n<ul>\n<li aria-setsize=\"-1\" data-leveltext=\"\u25cf\" data-font=\"\" data-listid=\"7\" data-list-defn-props=\"{&quot;335552541&quot;:1,&quot;335559685&quot;:720,&quot;335559991&quot;:360,&quot;469769242&quot;:[8226],&quot;469777803&quot;:&quot;left&quot;,&quot;469777804&quot;:&quot;\u25cf&quot;,&quot;469777815&quot;:&quot;multilevel&quot;}\" data-aria-posinset=\"10\" data-aria-level=\"1\"><a href=\"\/2025\/cursus\/distribution\/\"><b><span data-contrast=\"none\">Distribution<\/span><\/b><\/a><b><span data-contrast=\"auto\">&#8211;<\/span><\/b><a href=\"\/2025\/cursus\/exploitation\/\"><b><span data-contrast=\"none\">Exploitation<\/span><\/b><\/a><span data-contrast=\"auto\"> : r\u00e9daction d\u2019un m\u00e9moire et d\u2019un rapport de stage.<\/span><span data-ccp-props=\"{&quot;201341983&quot;:0,&quot;335559740&quot;:240}\">&nbsp;<\/span><\/li>\n<\/ul>\n<ul>\n<li aria-setsize=\"-1\" data-leveltext=\"\u25cf\" data-font=\"\" data-listid=\"7\" data-list-defn-props=\"{&quot;335552541&quot;:1,&quot;335559685&quot;:720,&quot;335559991&quot;:360,&quot;469769242&quot;:[8226],&quot;469777803&quot;:&quot;left&quot;,&quot;469777804&quot;:&quot;\u25cf&quot;,&quot;469777815&quot;:&quot;multilevel&quot;}\" data-aria-posinset=\"11\" data-aria-level=\"1\"><a href=\"\/2025\/cursus\/series\/\"><b><span data-contrast=\"none\">\u00c9criture et Cr\u00e9ation de S\u00e9ries<\/span><\/b><\/a> <span data-contrast=\"auto\">: \u00e9criture d\u2019un sc\u00e9nario de pilote et d\u2019une bible d\u2019une s\u00e9rie originale.<\/span><span data-ccp-props=\"{&quot;201341983&quot;:0,&quot;335559740&quot;:240}\">&nbsp;<\/span><\/li>\n<\/ul>\n<ul>\n<li aria-setsize=\"-1\" data-leveltext=\"\u25cf\" data-font=\"\" data-listid=\"7\" data-list-defn-props=\"{&quot;335552541&quot;:1,&quot;335559685&quot;:720,&quot;335559991&quot;:360,&quot;469769242&quot;:[8226],&quot;469777803&quot;:&quot;left&quot;,&quot;469777804&quot;:&quot;\u25cf&quot;,&quot;469777815&quot;:&quot;multilevel&quot;}\" data-aria-posinset=\"12\" data-aria-level=\"1\"><a href=\"\/2025\/cursus\/atelier-ludwigsburg-paris\/\"><b><span data-contrast=\"none\">Atelier Ludwigsburg-Paris <\/span><\/b><\/a><span data-contrast=\"auto\">: production d\u2019un court m\u00e9trage de fiction.<\/span><span data-ccp-props=\"{&quot;201341983&quot;:0,&quot;335559740&quot;:240}\">&nbsp;<\/span><\/li>\n<\/ul>\n<ul>\n<li aria-setsize=\"-1\" data-leveltext=\"\u25cf\" data-font=\"\" data-listid=\"7\" data-list-defn-props=\"{&quot;335552541&quot;:1,&quot;335559685&quot;:720,&quot;335559991&quot;:360,&quot;469769242&quot;:[8226],&quot;469777803&quot;:&quot;left&quot;,&quot;469777804&quot;:&quot;\u25cf&quot;,&quot;469777815&quot;:&quot;multilevel&quot;}\" data-aria-posinset=\"13\" data-aria-level=\"1\"><a href=\"\/2025\/cursus\/sacre\/\"><b><span data-contrast=\"none\">SACRe <\/span><\/b><\/a><span data-contrast=\"none\">: r\u00e9daction d\u2019une Th\u00e8se de doctorat accompagn\u00e9e d\u2019\u0153uvres.&nbsp;<\/span><span data-contrast=\"auto\">&nbsp;<\/span><span data-ccp-props=\"{&quot;201341983&quot;:0,&quot;335559740&quot;:240}\">&nbsp;<\/span><\/li>\n<\/ul>\n<ul>\n<li aria-setsize=\"-1\" data-leveltext=\"\u25cf\" data-font=\"Arial\" data-listid=\"7\" data-list-defn-props=\"{&quot;335552541&quot;:1,&quot;335559685&quot;:720,&quot;335559991&quot;:360,&quot;469769242&quot;:[8226],&quot;469777803&quot;:&quot;left&quot;,&quot;469777804&quot;:&quot;\u25cf&quot;,&quot;469777815&quot;:&quot;multilevel&quot;}\" data-aria-posinset=\"14\" data-aria-level=\"1\"><a href=\"\/2025\/cursus\/aims\/\"><b><span data-contrast=\"none\">AIMS <\/span><\/b><\/a><span data-contrast=\"none\">: Cr\u00e9ation d\u2019un atelier au sein d\u2019un \u00e9tablissement scolaire, et r\u00e9daction d\u2019un m\u00e9moire.<\/span><span data-ccp-props=\"{&quot;201341983&quot;:0,&quot;335559740&quot;:240}\">&nbsp;<\/span><\/li>\n<\/ul>\t\t\t\t\t\t\t\t<\/div>\n\t\t\t\t\t<\/div>\n\t\t\t\t<\/div>\n\t\t<div class=\"elementor-element elementor-element-73693ff e-flex e-con-boxed e-con e-parent\" data-id=\"73693ff\" data-element_type=\"container\">\n\t\t\t\t\t<div class=\"e-con-inner\">\n\t\t\t\t<div class=\"elementor-element elementor-element-141e4ff elementor-widget elementor-widget-text-editor\" data-id=\"141e4ff\" data-element_type=\"widget\" data-widget_type=\"text-editor.default\">\n\t\t\t\t\t\t\t\t\t<h2><span class=\"TextRun MacChromeBold SCXW30780573 BCX0\" lang=\"FR-FR\" xml:lang=\"FR-FR\" data-contrast=\"none\"><span class=\"NormalTextRun SCXW30780573 BCX0\" data-ccp-parastyle=\"heading 2\">Partenaires de la pr\u00e9sentation TFE les 24 et 25 septembre 2025<\/span><\/span><\/h2>\t\t\t\t\t\t\t\t<\/div>\n\t\t\t\t<div class=\"elementor-element elementor-element-123fb84 elementor-widget elementor-widget-image\" data-id=\"123fb84\" data-element_type=\"widget\" data-widget_type=\"image.default\">\n\t\t\t\t\t\t\t\t\t\t\t\t\t\t\t<img fetchpriority=\"high\" decoding=\"async\" width=\"1024\" height=\"170\" src=\"https:\/\/tfe.femis.fr\/2025\/wp-content\/uploads\/sites\/2\/2025\/08\/1-logos_partenaires_zevenment-tfe_RVB-e1754924367389-1024x170.jpg\" class=\"attachment-large size-large wp-image-124\" alt=\"\" srcset=\"https:\/\/tfe.femis.fr\/2025\/wp-content\/uploads\/sites\/2\/2025\/08\/1-logos_partenaires_zevenment-tfe_RVB-e1754924367389-1024x170.jpg 1024w, https:\/\/tfe.femis.fr\/2025\/wp-content\/uploads\/sites\/2\/2025\/08\/1-logos_partenaires_zevenment-tfe_RVB-e1754924367389-300x50.jpg 300w, https:\/\/tfe.femis.fr\/2025\/wp-content\/uploads\/sites\/2\/2025\/08\/1-logos_partenaires_zevenment-tfe_RVB-e1754924367389-768x127.jpg 768w, https:\/\/tfe.femis.fr\/2025\/wp-content\/uploads\/sites\/2\/2025\/08\/1-logos_partenaires_zevenment-tfe_RVB-e1754924367389-1536x255.jpg 1536w, https:\/\/tfe.femis.fr\/2025\/wp-content\/uploads\/sites\/2\/2025\/08\/1-logos_partenaires_zevenment-tfe_RVB-e1754924367389-250x41.jpg 250w, https:\/\/tfe.femis.fr\/2025\/wp-content\/uploads\/sites\/2\/2025\/08\/1-logos_partenaires_zevenment-tfe_RVB-e1754924367389.jpg 1688w\" sizes=\"(max-width: 1024px) 100vw, 1024px\" \/>\t\t\t\t\t\t\t\t\t\t\t\t\t\t\t<\/div>\n\t\t\t\t<div class=\"elementor-element elementor-element-73c5d1a elementor-align-center elementor-widget elementor-widget-button\" data-id=\"73c5d1a\" data-element_type=\"widget\" data-widget_type=\"button.default\">\n\t\t\t\t\t\t\t\t\t\t<a class=\"elementor-button elementor-button-link elementor-size-sm\" href=\"https:\/\/tfe.femis.fr\/2025\/partenaires\/\">\n\t\t\t\t\t\t<span class=\"elementor-button-content-wrapper\">\n\t\t\t\t\t\t\t\t\t<span class=\"elementor-button-text\">D\u00e9couvrez nos partenaires<\/span>\n\t\t\t\t\t<\/span>\n\t\t\t\t\t<\/a>\n\t\t\t\t\t\t\t\t<\/div>\n\t\t\t\t\t<\/div>\n\t\t\t\t<\/div>\n\t\t\t\t<\/div>\n\t\t","protected":false},"excerpt":{"rendered":"<p>Bienvenue sur le site d\u00e9di\u00e9 aux\u00a0\u00a0Travaux de Fin d\u2019Etudes (TFE)\u00a0des promotions 2025 de\u00a0La\u00a0F\u00e9mis\u00a0\u00a0 Ce site est d\u00e9sormais\u00a0ouvert \u00e0\u00a0tous les publics,\u00a0mais certains contenus sont\u00a0r\u00e9serv\u00e9s uniquement aux\u00a0professionnels\u00a0qui peuvent\u00a0nous contacter\u00a0ici.\u00a0 \u00c9dito C\u2019est avec une \u00e9motion toute particuli\u00e8re que nous vous invitons \u00e0 d\u00e9couvrir les Travaux de Fin d\u2019\u00c9tudes des dipl\u00f4m\u00e9s de La F\u00e9mis de 2025. Apr\u00e8s trois mandats, [&hellip;]<\/p>\n","protected":false},"author":1,"featured_media":0,"parent":0,"menu_order":0,"comment_status":"closed","ping_status":"closed","template":"","meta":{"_acf_changed":false,"footnotes":""},"class_list":["post-52","page","type-page","status-publish","hentry"],"acf":[],"_links":{"self":[{"href":"https:\/\/tfe.femis.fr\/2025\/wp-json\/wp\/v2\/pages\/52","targetHints":{"allow":["GET"]}}],"collection":[{"href":"https:\/\/tfe.femis.fr\/2025\/wp-json\/wp\/v2\/pages"}],"about":[{"href":"https:\/\/tfe.femis.fr\/2025\/wp-json\/wp\/v2\/types\/page"}],"author":[{"embeddable":true,"href":"https:\/\/tfe.femis.fr\/2025\/wp-json\/wp\/v2\/users\/1"}],"replies":[{"embeddable":true,"href":"https:\/\/tfe.femis.fr\/2025\/wp-json\/wp\/v2\/comments?post=52"}],"version-history":[{"count":112,"href":"https:\/\/tfe.femis.fr\/2025\/wp-json\/wp\/v2\/pages\/52\/revisions"}],"predecessor-version":[{"id":1391,"href":"https:\/\/tfe.femis.fr\/2025\/wp-json\/wp\/v2\/pages\/52\/revisions\/1391"}],"wp:attachment":[{"href":"https:\/\/tfe.femis.fr\/2025\/wp-json\/wp\/v2\/media?parent=52"}],"curies":[{"name":"wp","href":"https:\/\/api.w.org\/{rel}","templated":true}]}}