{"id":94,"date":"2025-07-29T10:30:32","date_gmt":"2025-07-29T08:30:32","guid":{"rendered":"https:\/\/matthieumarce.fr\/clients\/nexus\/?page_id=94"},"modified":"2025-09-11T18:01:53","modified_gmt":"2025-09-11T16:01:53","slug":"partenaires","status":"publish","type":"page","link":"https:\/\/tfe.femis.fr\/2025\/partenaires\/","title":{"rendered":"Partenaires"},"content":{"rendered":"\t\t<div data-elementor-type=\"wp-page\" data-elementor-id=\"94\" class=\"elementor elementor-94\">\n\t\t\t\t<div class=\"elementor-element elementor-element-8b4e8a3 e-flex e-con-boxed e-con e-parent\" data-id=\"8b4e8a3\" data-element_type=\"container\" data-settings=\"{&quot;background_background&quot;:&quot;classic&quot;}\">\n\t\t\t\t\t<div class=\"e-con-inner\">\n\t\t\t\t<div class=\"elementor-element elementor-element-6b6261d elementor-widget elementor-widget-text-editor\" data-id=\"6b6261d\" data-element_type=\"widget\" data-widget_type=\"text-editor.default\">\n\t\t\t\t\t\t\t\t\t<h1><span class=\"NormalTextRun CommentStart CommentHighlightPipeClicked CommentHighlightClicked SCXW193137122 BCX0\" data-ccp-parastyle=\"heading 1\">Partenaires de <\/span><span class=\"NormalTextRun CommentHighlightClicked SCXW193137122 BCX0\" data-ccp-parastyle=\"heading 1\">L<\/span><span class=\"NormalTextRun CommentHighlightClicked SCXW193137122 BCX0\" data-ccp-parastyle=\"heading 1\">a <\/span><span class=\"NormalTextRun SpellingErrorV2Themed CommentHighlightClicked SCXW193137122 BCX0\" data-ccp-parastyle=\"heading 1\">F\u00e9mis<\/span><\/h1>\t\t\t\t\t\t\t\t<\/div>\n\t\t\t\t<div class=\"elementor-element elementor-element-af0328c elementor-widget elementor-widget-text-editor\" data-id=\"af0328c\" data-element_type=\"widget\" data-widget_type=\"text-editor.default\">\n\t\t\t\t\t\t\t\t\t<p><span class=\"TextRun SCXW155174588 BCX0\" lang=\"FR-FR\" xml:lang=\"FR-FR\" data-contrast=\"auto\"><span class=\"NormalTextRun CommentStart CommentHighlightPipeClicked CommentHighlightClicked SCXW155174588 BCX0\">La <\/span><span class=\"NormalTextRun SpellingErrorV2Themed CommentHighlightClicked SCXW155174588 BCX0\">F\u00e9mis<\/span><span class=\"NormalTextRun CommentHighlightClicked SCXW155174588 BCX0\"> est une \u00e9cole du minist\u00e8re de la Culture soutenue par le Centre National du Cin\u00e9ma et de l\u2019Image Anim\u00e9e. \u00c9tablissement partenaire de l\u2019universit\u00e9 Paris Sciences &amp; Lettres (PSL)<\/span><\/span><span class=\"EOP CommentHighlightPipeClicked SCXW155174588 BCX0\" data-ccp-props=\"{}\">\u00a0<\/span><\/p>\t\t\t\t\t\t\t\t<\/div>\n\t\t\t\t\t<\/div>\n\t\t\t\t<\/div>\n\t\t<div class=\"elementor-element elementor-element-74896c4 e-flex e-con-boxed e-con e-parent\" data-id=\"74896c4\" data-element_type=\"container\" data-settings=\"{&quot;background_background&quot;:&quot;classic&quot;}\">\n\t\t\t\t\t<div class=\"e-con-inner\">\n\t\t\t\t<div class=\"elementor-element elementor-element-ec0b7db elementor-widget elementor-widget-text-editor\" data-id=\"ec0b7db\" data-element_type=\"widget\" data-widget_type=\"text-editor.default\">\n\t\t\t\t\t\t\t\t\t<h2><span class=\"TextRun MacChromeBold SCXW17445003 BCX0\" lang=\"FR-FR\" xml:lang=\"FR-FR\" data-contrast=\"none\"><span class=\"NormalTextRun SCXW17445003 BCX0\" data-ccp-parastyle=\"heading 2\">Partenaires de la pr\u00e9sentation TFE les 24 et 25 septembre 2025<\/span><\/span><span class=\"EOP SCXW17445003 BCX0\" data-ccp-props=\"{&quot;134233117&quot;:false,&quot;134233118&quot;:false,&quot;201341983&quot;:0,&quot;335551550&quot;:1,&quot;335551620&quot;:1,&quot;335559685&quot;:0,&quot;335559737&quot;:0,&quot;335559738&quot;:60,&quot;335559739&quot;:80,&quot;335559740&quot;:240}\">\u00a0<\/span><\/h2>\t\t\t\t\t\t\t\t<\/div>\n\t\t\t\t<div class=\"elementor-element elementor-element-ffad500 elementor-widget elementor-widget-image\" data-id=\"ffad500\" data-element_type=\"widget\" data-widget_type=\"image.default\">\n\t\t\t\t\t\t\t\t\t\t\t\t\t\t\t<img fetchpriority=\"high\" decoding=\"async\" width=\"1024\" height=\"170\" src=\"https:\/\/tfe.femis.fr\/2025\/wp-content\/uploads\/sites\/2\/2025\/08\/1-logos_partenaires_zevenment-tfe_RVB-e1754924367389-1024x170.jpg\" class=\"attachment-large size-large wp-image-124\" alt=\"\" srcset=\"https:\/\/tfe.femis.fr\/2025\/wp-content\/uploads\/sites\/2\/2025\/08\/1-logos_partenaires_zevenment-tfe_RVB-e1754924367389-1024x170.jpg 1024w, https:\/\/tfe.femis.fr\/2025\/wp-content\/uploads\/sites\/2\/2025\/08\/1-logos_partenaires_zevenment-tfe_RVB-e1754924367389-300x50.jpg 300w, https:\/\/tfe.femis.fr\/2025\/wp-content\/uploads\/sites\/2\/2025\/08\/1-logos_partenaires_zevenment-tfe_RVB-e1754924367389-768x127.jpg 768w, https:\/\/tfe.femis.fr\/2025\/wp-content\/uploads\/sites\/2\/2025\/08\/1-logos_partenaires_zevenment-tfe_RVB-e1754924367389-1536x255.jpg 1536w, https:\/\/tfe.femis.fr\/2025\/wp-content\/uploads\/sites\/2\/2025\/08\/1-logos_partenaires_zevenment-tfe_RVB-e1754924367389-250x41.jpg 250w, https:\/\/tfe.femis.fr\/2025\/wp-content\/uploads\/sites\/2\/2025\/08\/1-logos_partenaires_zevenment-tfe_RVB-e1754924367389.jpg 1688w\" sizes=\"(max-width: 1024px) 100vw, 1024px\" \/>\t\t\t\t\t\t\t\t\t\t\t\t\t\t\t<\/div>\n\t\t\t\t<div class=\"elementor-element elementor-element-312b324 elementor-widget elementor-widget-text-editor\" data-id=\"312b324\" data-element_type=\"widget\" data-widget_type=\"text-editor.default\">\n\t\t\t\t\t\t\t\t\t<h2><span class=\"TextRun MacChromeBold SCXW222158957 BCX0\" lang=\"FR\" xml:lang=\"FR\" data-contrast=\"none\"><span class=\"NormalTextRun SCXW222158957 BCX0\" data-ccp-parastyle=\"heading 2\">Nos partenaires<\/span><\/span><\/h2>\t\t\t\t\t\t\t\t<\/div>\n\t\t\t\t<div class=\"elementor-element elementor-element-40ffc11 elementor-widget elementor-widget-image\" data-id=\"40ffc11\" data-element_type=\"widget\" data-widget_type=\"image.default\">\n\t\t\t\t\t\t\t\t\t\t\t\t\t\t\t\t<a href=\"https:\/\/femis.fr\/partenaires\" target=\"_blank\">\n\t\t\t\t\t\t\t<img decoding=\"async\" width=\"1024\" height=\"664\" src=\"https:\/\/tfe.femis.fr\/2025\/wp-content\/uploads\/sites\/2\/2025\/08\/2_footer-complet-v2_NB-1024x664.jpg\" class=\"attachment-large size-large wp-image-123\" alt=\"\" srcset=\"https:\/\/tfe.femis.fr\/2025\/wp-content\/uploads\/sites\/2\/2025\/08\/2_footer-complet-v2_NB-1024x664.jpg 1024w, https:\/\/tfe.femis.fr\/2025\/wp-content\/uploads\/sites\/2\/2025\/08\/2_footer-complet-v2_NB-300x195.jpg 300w, https:\/\/tfe.femis.fr\/2025\/wp-content\/uploads\/sites\/2\/2025\/08\/2_footer-complet-v2_NB-768x498.jpg 768w, https:\/\/tfe.femis.fr\/2025\/wp-content\/uploads\/sites\/2\/2025\/08\/2_footer-complet-v2_NB-1536x996.jpg 1536w, https:\/\/tfe.femis.fr\/2025\/wp-content\/uploads\/sites\/2\/2025\/08\/2_footer-complet-v2_NB-250x162.jpg 250w, https:\/\/tfe.femis.fr\/2025\/wp-content\/uploads\/sites\/2\/2025\/08\/2_footer-complet-v2_NB.jpg 1800w\" sizes=\"(max-width: 1024px) 100vw, 1024px\" \/>\t\t\t\t\t\t\t\t<\/a>\n\t\t\t\t\t\t\t\t\t\t\t\t\t\t\t<\/div>\n\t\t\t\t\t<\/div>\n\t\t\t\t<\/div>\n\t\t\t\t<\/div>\n\t\t","protected":false},"excerpt":{"rendered":"<p>Partenaires de La F\u00e9mis La F\u00e9mis est une \u00e9cole du minist\u00e8re de la Culture soutenue par le Centre National du Cin\u00e9ma et de l\u2019Image Anim\u00e9e. \u00c9tablissement partenaire de l\u2019universit\u00e9 Paris Sciences &amp; Lettres (PSL)\u00a0 Partenaires de la pr\u00e9sentation TFE les 24 et 25 septembre 2025\u00a0 Nos partenaires<\/p>\n","protected":false},"author":1,"featured_media":0,"parent":0,"menu_order":0,"comment_status":"closed","ping_status":"closed","template":"","meta":{"_acf_changed":false,"footnotes":""},"class_list":["post-94","page","type-page","status-publish","hentry"],"acf":[],"_links":{"self":[{"href":"https:\/\/tfe.femis.fr\/2025\/wp-json\/wp\/v2\/pages\/94","targetHints":{"allow":["GET"]}}],"collection":[{"href":"https:\/\/tfe.femis.fr\/2025\/wp-json\/wp\/v2\/pages"}],"about":[{"href":"https:\/\/tfe.femis.fr\/2025\/wp-json\/wp\/v2\/types\/page"}],"author":[{"embeddable":true,"href":"https:\/\/tfe.femis.fr\/2025\/wp-json\/wp\/v2\/users\/1"}],"replies":[{"embeddable":true,"href":"https:\/\/tfe.femis.fr\/2025\/wp-json\/wp\/v2\/comments?post=94"}],"version-history":[{"count":15,"href":"https:\/\/tfe.femis.fr\/2025\/wp-json\/wp\/v2\/pages\/94\/revisions"}],"predecessor-version":[{"id":732,"href":"https:\/\/tfe.femis.fr\/2025\/wp-json\/wp\/v2\/pages\/94\/revisions\/732"}],"wp:attachment":[{"href":"https:\/\/tfe.femis.fr\/2025\/wp-json\/wp\/v2\/media?parent=94"}],"curies":[{"name":"wp","href":"https:\/\/api.w.org\/{rel}","templated":true}]}}