{"id":99,"date":"2025-07-29T10:32:33","date_gmt":"2025-07-29T08:32:33","guid":{"rendered":"https:\/\/matthieumarce.fr\/clients\/nexus\/?page_id=99"},"modified":"2025-09-22T17:04:59","modified_gmt":"2025-09-22T15:04:59","slug":"mentions-legales","status":"publish","type":"page","link":"https:\/\/tfe.femis.fr\/2025\/mentions-legales\/","title":{"rendered":"Mentions l\u00e9gales"},"content":{"rendered":"\t\t<div data-elementor-type=\"wp-page\" data-elementor-id=\"99\" class=\"elementor elementor-99\">\n\t\t\t\t<div class=\"elementor-element elementor-element-9114e93 e-flex e-con-boxed e-con e-parent\" data-id=\"9114e93\" data-element_type=\"container\" data-settings=\"{&quot;background_background&quot;:&quot;classic&quot;}\">\n\t\t\t\t\t<div class=\"e-con-inner\">\n\t\t\t\t<div class=\"elementor-element elementor-element-4a6e650 elementor-widget elementor-widget-text-editor\" data-id=\"4a6e650\" data-element_type=\"widget\" data-widget_type=\"text-editor.default\">\n\t\t\t\t\t\t\t\t\t<h1>Mentions l\u00e9gales<\/h1>\t\t\t\t\t\t\t\t<\/div>\n\t\t\t\t\t<\/div>\n\t\t\t\t<\/div>\n\t\t<div class=\"elementor-element elementor-element-05246d6 e-flex e-con-boxed e-con e-parent\" data-id=\"05246d6\" data-element_type=\"container\">\n\t\t\t\t\t<div class=\"e-con-inner\">\n\t\t\t\t<div class=\"elementor-element elementor-element-7d53eb8 elementor-widget elementor-widget-text-editor\" data-id=\"7d53eb8\" data-element_type=\"widget\" data-widget_type=\"text-editor.default\">\n\t\t\t\t\t\t\t\t\t<h2>\u00c9diteur<\/h2><div><p>La F\u00e9mis<br \/>6 rue Francoeur<br \/>75018 PARIS<\/p><p>T\u00e9l\u00e9phone : 01.53.41.21.00<br \/><a href=\"mailto:directionpublication@femis.fr\">directionpublication@femis.fr<\/a><\/p><p>Siret : 421 506 445 00012<br \/>APE : 8542Z<\/p><h2>Directrice de la publication<\/h2><p>Guillaume DUCHEMIN, Directeur G\u00e9n\u00e9ral<\/p><h2>Cr\u00e9ation et d\u00e9veloppement du site Internet<\/h2><p><a style=\"color: #d02c30;\" href=\"http:\/\/broster.fr\/\"><span style=\"font-weight: bold;\">BROSTER.fr<\/span><\/a><span style=\"font-weight: bold;\">\u00a0\/ Cr\u00e9ateurs de directions\u00a0<\/span>\u00a0<br \/><span data-contrast=\"none\">Conception et production du site web par S\u00e9bastien avec Matthieu, Chlo\u00e9 et l&rsquo;\u00e9quipe de La F\u00e9mis.\u00a0 <\/span><span data-ccp-props=\"{&quot;134233117&quot;:false,&quot;134233118&quot;:false,&quot;201341983&quot;:0,&quot;335551550&quot;:1,&quot;335551620&quot;:1,&quot;335559685&quot;:0,&quot;335559737&quot;:0,&quot;335559738&quot;:0,&quot;335559739&quot;:0,&quot;335559740&quot;:276}\">\u00a0<\/span><\/p><h2>H\u00e9bergement<\/h2><p>DRI (Digital Rural Informatique)<br \/>Le Grand Courgoult<br \/>72140 ROUEZ<br \/>T\u00e9l\u00e9phone : 02.90.92.05.50<\/p><p>Siret : 439 537 705 00014<br \/>APE : 7022Z<\/p><h2>Donn\u00e9es \u00e0 caract\u00e8re personnel<\/h2><p>Vos donn\u00e9es personnelles peuvent \u00eatre collect\u00e9es lors de la navigation sur ce site Internet. De m\u00eame, les messages \u00e9lectroniques envoy\u00e9s \u00e0 La F\u00e9mis et les adresses \u00e9lectroniques utilis\u00e9es pour l\u2019envoi d\u2019informations compl\u00e9mentaires sont susceptibles d\u2019\u00eatre conserv\u00e9es. Conform\u00e9ment \u00e0 la loi \u00ab Informatique et Libert\u00e9s \u00bb du 6 janvier 1978 modifi\u00e9e, vous b\u00e9n\u00e9ficiez d\u2019un droit d\u2019acc\u00e8s et de rectification aux informations personnelles vous concernant. Vous pouvez \u00e9galement vous opposer au traitement de ces m\u00eames donn\u00e9es pour des motifs l\u00e9gitimes. Si vous souhaitez exercer ce droit et obtenir communication des informations vous concernant, veuillez-vous adresser \u00e0 Monsieur Le Directeur G\u00e9n\u00e9ral de La F\u00e9mis.<\/p><p>Le traitement automatis\u00e9 des donn\u00e9es nominatives r\u00e9alis\u00e9es \u00e0 partir du site tfe.femis.fr fait l\u2019objet d\u2019une d\u00e9claration num\u00e9ro 1680511 vO enregistr\u00e9e le 17-06-2013 par la Commission Nationale de l\u2019Informatique et des libert\u00e9s (CNIL).<\/p><h2>Propri\u00e9t\u00e9 intellectuelle et informations publiques culturelles<\/h2><p>La structure g\u00e9n\u00e9rale du site Internet, ainsi que les logiciels et les bases de donn\u00e9es sont la propri\u00e9t\u00e9 exclusive de La F\u00e9mis.<br \/>L\u2019ensemble de ce site rel\u00e8ve des l\u00e9gislations fran\u00e7aise et internationale sur le droit d\u2019auteur et la propri\u00e9t\u00e9 intellectuelle. Tous les droits de reproduction sont r\u00e9serv\u00e9s, y compris pour les documents iconographiques et photographiques. En cons\u00e9quence, toute reproduction de ceux-ci, totale ou partielle, ou imitation, sans l\u2019accord expr\u00e8s de La F\u00e9mis, pr\u00e9alable et \u00e9crit, est interdite et constitue un d\u00e9lit de contrefa\u00e7on au sens du code de la propri\u00e9t\u00e9 intellectuelle.<br \/>Il est formellement interdit de collecter et d\u2019utiliser les \u00e9l\u00e9ments disponibles sur le site \u00e0 des fins commerciales. Cette interdiction s\u2019\u00e9tend notamment, sans que cette liste ne soit limitative, \u00e0 tout \u00e9l\u00e9ment r\u00e9dactionnel figurant sur le site, \u00e0 la pr\u00e9sentation des \u00e9crans, aux logos, images, photos, films, graphiques, de quelque nature qu\u2019ils soient.<\/p><h2>Marque d\u00e9pos\u00e9e<\/h2><p>Le logo, la marque \u00ab La F\u00e9mis \u00bb et le nom de domaine du site tfe.femis.fr, constituent des d\u00e9nominations appartenant \u00e0 La F\u00e9mis prot\u00e9g\u00e9es par le droit de la propri\u00e9t\u00e9 intellectuelle, dont il n\u2019est pas possible de faire usage sans l\u2019accord expr\u00e8s et pr\u00e9alable de La F\u00e9mis.<br \/>La F\u00e9mis est une marque d\u00e9pos\u00e9e aupr\u00e8s de l\u2019INPI sous le n\u00b0 3485183.<\/p><h2>Informations publiques administratives<\/h2><p>Les contenus informatifs et de programmation de ce site sont des informations publiques administratives au sens de l\u2019article 10 de la loi n\u00b0 78-753 du 17 juillet 1978. Toute r\u00e9utilisation de ces informations est libre, \u00e0 la condition que ces derni\u00e8res ne soient pas alt\u00e9r\u00e9es, que leur sens ne soit pas d\u00e9natur\u00e9, et que leurs sources et la date de leur derni\u00e8re mise \u00e0 jour soient mentionn\u00e9es.<br \/>Aucun transfert de propri\u00e9t\u00e9 des informations publiques administratives n\u2019est op\u00e9r\u00e9 au profit du r\u00e9utilisateur. Ce dernier b\u00e9n\u00e9ficie d\u2019un droit personnel et non exclusif de r\u00e9utilisation de ces informations publiques administratives. Toute personne r\u00e9utilisant des informations publiques en violation des prescriptions susmentionn\u00e9es est passible d\u2019une amende prononc\u00e9e par la commission d\u2019acc\u00e8s aux documents administratifs.<\/p><h2>Responsabilit\u00e9<\/h2><p>Le site tfe.femis.fr propose de des liens vers d\u2019autres sites, essentiellement des sites officiels (institutions, organismes publics, etc.) mais aussi vers quelques sites d\u2019associations ou d\u2019entreprises partenaires. Ces pages web dont les adresses sont r\u00e9guli\u00e8rement v\u00e9rifi\u00e9es, ne font pas partie du site tfe.femis.fr.<br \/>La F\u00e9mis n\u2019est pas responsable de la teneur desdits autres sites, et ne sera tenu responsable d\u2019aucun dommage ou pr\u00e9judice en d\u00e9coulant. Les liens vers d\u2019autres sites sont fournis aux utilisateurs uniquement par pure commodit\u00e9.<\/p><\/div>\t\t\t\t\t\t\t\t<\/div>\n\t\t\t\t\t<\/div>\n\t\t\t\t<\/div>\n\t\t\t\t<\/div>\n\t\t","protected":false},"excerpt":{"rendered":"<p>Mentions l\u00e9gales \u00c9diteur La F\u00e9mis6 rue Francoeur75018 PARIS T\u00e9l\u00e9phone : 01.53.41.21.00directionpublication@femis.fr Siret : 421 506 445 00012APE : 8542Z Directrice de la publication Guillaume DUCHEMIN, Directeur G\u00e9n\u00e9ral Cr\u00e9ation et d\u00e9veloppement du site Internet BROSTER.fr\u00a0\/ Cr\u00e9ateurs de directions\u00a0\u00a0Conception et production du site web par S\u00e9bastien avec Matthieu, Chlo\u00e9 et l&rsquo;\u00e9quipe de La F\u00e9mis.\u00a0 \u00a0 H\u00e9bergement DRI [&hellip;]<\/p>\n","protected":false},"author":1,"featured_media":0,"parent":0,"menu_order":0,"comment_status":"closed","ping_status":"closed","template":"","meta":{"_acf_changed":false,"footnotes":""},"class_list":["post-99","page","type-page","status-publish","hentry"],"acf":[],"_links":{"self":[{"href":"https:\/\/tfe.femis.fr\/2025\/wp-json\/wp\/v2\/pages\/99","targetHints":{"allow":["GET"]}}],"collection":[{"href":"https:\/\/tfe.femis.fr\/2025\/wp-json\/wp\/v2\/pages"}],"about":[{"href":"https:\/\/tfe.femis.fr\/2025\/wp-json\/wp\/v2\/types\/page"}],"author":[{"embeddable":true,"href":"https:\/\/tfe.femis.fr\/2025\/wp-json\/wp\/v2\/users\/1"}],"replies":[{"embeddable":true,"href":"https:\/\/tfe.femis.fr\/2025\/wp-json\/wp\/v2\/comments?post=99"}],"version-history":[{"count":22,"href":"https:\/\/tfe.femis.fr\/2025\/wp-json\/wp\/v2\/pages\/99\/revisions"}],"predecessor-version":[{"id":1073,"href":"https:\/\/tfe.femis.fr\/2025\/wp-json\/wp\/v2\/pages\/99\/revisions\/1073"}],"wp:attachment":[{"href":"https:\/\/tfe.femis.fr\/2025\/wp-json\/wp\/v2\/media?parent=99"}],"curies":[{"name":"wp","href":"https:\/\/api.w.org\/{rel}","templated":true}]}}